{"id":6,"date":"2019-03-04T14:21:05","date_gmt":"2019-03-04T13:21:05","guid":{"rendered":"https:\/\/cabvtcnice.fr\/?page_id=6"},"modified":"2026-01-12T11:09:56","modified_gmt":"2026-01-12T10:09:56","slug":"%d8%a7%d9%84%d8%a5%d8%b4%d8%b9%d8%a7%d8%b1%d8%a7%d8%aa-%d8%a7%d9%84%d9%82%d8%a7%d9%86%d9%88%d9%86%d9%8a%d8%a9","status":"publish","type":"page","link":"https:\/\/cabvtcnice.fr\/ar\/mentions-legales\/","title":{"rendered":"\u0627\u0644\u0625\u0634\u0639\u0627\u0631\u0627\u062a \u0627\u0644\u0642\u0627\u0646\u0648\u0646\u064a\u0629"},"content":{"rendered":"<div data-elementor-type=\"wp-post\" data-elementor-id=\"6\" class=\"elementor elementor-6\" data-elementor-post-type=\"page\">\n\t\t\t\t\t\t<section class=\"elementor-section elementor-top-section elementor-element elementor-element-54f5c60e elementor-section-boxed elementor-section-height-default elementor-section-height-default\" data-id=\"54f5c60e\" data-element_type=\"section\" data-e-type=\"section\">\n\t\t\t\t\t\t<div class=\"elementor-container elementor-column-gap-default\">\n\t\t\t\t\t<div class=\"elementor-column elementor-col-100 elementor-top-column elementor-element elementor-element-7d9616b2\" data-id=\"7d9616b2\" data-element_type=\"column\" data-e-type=\"column\">\n\t\t\t<div class=\"elementor-widget-wrap elementor-element-populated\">\n\t\t\t\t\t\t<div class=\"elementor-element elementor-element-d9323ee elementor-widget elementor-widget-heading\" data-id=\"d9323ee\" data-element_type=\"widget\" data-e-type=\"widget\" data-widget_type=\"heading.default\">\n\t\t\t\t<div class=\"elementor-widget-container\">\n\t\t\t\t\t<h1 class=\"elementor-heading-title elementor-size-default\">\u0625\u0634\u0639\u0627\u0631 \u0642\u0627\u0646\u0648\u0646\u064a<\/h1>\t\t\t\t<\/div>\n\t\t\t\t<\/div>\n\t\t\t\t<div class=\"elementor-element elementor-element-d82994e elementor-widget elementor-widget-spacer\" data-id=\"d82994e\" data-element_type=\"widget\" data-e-type=\"widget\" data-widget_type=\"spacer.default\">\n\t\t\t\t<div class=\"elementor-widget-container\">\n\t\t\t\t\t\t\t<div class=\"elementor-spacer\">\n\t\t\t<div class=\"elementor-spacer-inner\"><\/div>\n\t\t<\/div>\n\t\t\t\t\t\t<\/div>\n\t\t\t\t<\/div>\n\t\t\t\t<div class=\"elementor-element elementor-element-41cf098b elementor-widget elementor-widget-text-editor\" data-id=\"41cf098b\" data-element_type=\"widget\" data-e-type=\"widget\" data-widget_type=\"text-editor.default\">\n\t\t\t\t<div class=\"elementor-widget-container\">\n\t\t\t\t\t\t\t\t\t<p><b>\u064a\u062a\u0645 \u0646\u0634\u0631 \u0645\u0648\u0642\u0639 cabvtcnice.fr \u0627\u0644\u0625\u0644\u0643\u062a\u0631\u0648\u0646\u064a \u0628\u0648\u0627\u0633\u0637\u0629:<\/b><\/p>\n<p>\u0627\u0644\u062a\u062f\u0642\u064a\u0642 \u0627\u0644\u0625\u0644\u0643\u062a\u0631\u0648\u0646\u064a \u0641\u064a \u0641\u0631\u0646\u0633\u0627<br>6 \u0634\u0627\u0631\u0639 \u062c\u0627\u0646 \u062c\u0648\u0631\u064a\u0633\u060c 73000 \u0634\u0627\u0645\u0628\u064a\u0631\u064a<br>\u0634\u0631\u0643\u0629 \u0630\u0627\u062a \u0645\u0633\u0624\u0648\u0644\u064a\u0629 \u0645\u062d\u062f\u0648\u062f\u0629 \u0628\u0631\u0623\u0633 \u0645\u0627\u0644 \u0642\u062f\u0631\u0647 600 \u064a\u0648\u0631\u0648<br>RCS \u0634\u0627\u0645\u0628\u064a\u0631\u064a 823 628 698<br>contact(@)webaudit.fr<\/p>\n<p><b>\u062a\u0645 \u0646\u0634\u0631 \u0645\u0648\u0642\u0639 cabvtcnice.fr \u0627\u0644\u0625\u0644\u0643\u062a\u0631\u0648\u0646\u064a \u0645\u0646 \u0623\u062c\u0644:<\/b><\/p>\n<p>\u0627\u0633\u0645 \u0627\u0644\u0634\u0631\u0643\u0629: MAH<br>\u0627\u0644\u0627\u0633\u0645 \u0627\u0644\u062a\u062c\u0627\u0631\u064a: \u0633\u064a\u0627\u0631\u0629 \u0623\u062c\u0631\u0629 VTC \u0646\u064a\u0633 \u0643\u0648\u062a \u062f\u0627\u0632\u0648\u0631<br>\u0627\u0644\u0639\u0646\u0648\u0627\u0646: 13 \u0634\u0627\u0631\u0639 \u062f\u0648 \u062f\u0643\u062a\u0648\u0631 \u0623\u0631\u062f\u0648\u064a\u0646 06300 \u0646\u064a\u0633<br>\u0631\u0642\u0645 \u062a\u0633\u062c\u064a\u0644 \u0627\u0644\u0634\u0631\u0643\u0629: 94282984700014<br>\u0631\u0642\u0645 \u0636\u0631\u064a\u0628\u0629 \u0627\u0644\u0642\u064a\u0645\u0629 \u0627\u0644\u0645\u0636\u0627\u0641\u0629: \u063a\u064a\u0631 \u0645\u062a\u0648\u0641\u0631<br>\u0631\u0623\u0633 \u0627\u0644\u0645\u0627\u0644 \u0627\u0644\u0645\u062f\u0641\u0648\u0639: 0 \u064a\u0648\u0631\u0648<br>\u0631\u0642\u0645 \u0627\u0644\u0647\u0627\u062a\u0641 \u0627\u0644\u0630\u064a \u0633\u064a\u0638\u0647\u0631 \u0639\u0644\u0649 \u0627\u0644\u0645\u0648\u0642\u0639 \u0627\u0644\u0625\u0644\u0643\u062a\u0631\u0648\u0646\u064a: 06 80 96 00 10<br>\u0645\u062f\u064a\u0631 \u0627\u0644\u0646\u0634\u0631: \u0625\u0633\u062d\u0627\u0642 \u0625\u0628\u0631\u0627\u0647\u064a\u0645<\/p>\n<p>\u062a\u0645 \u0625\u0646\u0634\u0627\u0621 \u0645\u0648\u0642\u0639 \u062e\u062f\u0645\u0629 \u0627\u0644\u0633\u0627\u0626\u0642 \u0627\u0644\u062e\u0627\u0635 \u0628\u0643 \u0641\u064a \u0646\u064a\u0633 \u0628\u0648\u0627\u0633\u0637\u0629 \u0641\u0631\u064a\u0642 \u0645\u0646&nbsp;&nbsp;<a href=\"https:\/\/webaudit.fr\/vtc\" target=\"_blank\" rel=\"noopener\">\u0634\u0631\u0643\u0629 Webaudit France\u060c \u0627\u0644\u0645\u062a\u062e\u0635\u0635\u0629 \u0641\u064a \u0625\u0646\u0634\u0627\u0621 \u0645\u0648\u0627\u0642\u0639 \u0627\u0644\u0648\u064a\u0628 \u0644\u0633\u0627\u0626\u0642\u064a \u0633\u064a\u0627\u0631\u0627\u062a \u0627\u0644\u0623\u062c\u0631\u0629 \u0627\u0644\u062e\u0627\u0635\u0629.<\/a>&nbsp;\u0645\u0639 \u0627\u0644\u0625\u0634\u0627\u0631\u0629 \u0627\u0644\u0637\u0628\u064a\u0639\u064a\u0629.<\/p>\n<p>\u062a\u0639\u0631\u0641 \u0639\u0644\u0649 \u0627\u0644\u0645\u0632\u064a\u062f \u062d\u0648\u0644&nbsp;<a href=\"https:\/\/annuaire-vtc-france.fr\/\">annuaire-vtc-france.fr<\/a>&nbsp;\u062c\u0645\u064a\u0639&nbsp;<a href=\"https:\/\/annuaire-vtc-france.fr\/vtc-06-alpes-maritimes\/\">\u0633\u0627\u0626\u0642\u0648 \u0633\u064a\u0627\u0631\u0627\u062a \u0627\u0644\u0623\u062c\u0631\u0629 \u0627\u0644\u062e\u0627\u0635\u0629 \u0641\u064a \u0646\u064a\u0633 \u0648\u0645\u0646\u0637\u0642\u0629 \u0627\u0644\u0623\u0644\u0628 \u0627\u0644\u0628\u062d\u0631\u064a\u0629.<\/a><\/p>\n<p><b>\u0645\u0632\u0648\u062f \u062e\u062f\u0645\u0629 \u0627\u0644\u0627\u0633\u062a\u0636\u0627\u0641\u0629:<\/b><\/p>\n<p>\u0634\u0628\u0643\u0629 \u0625\u0646\u0641\u0648\u0645\u0627\u0646\u064a\u0627\u0643 \u0625\u0633 \u0625\u064a\u0647<br>25 \u0634\u0627\u0631\u0639 \u0623\u0648\u062c\u064a\u0646 \u0645\u0627\u0631\u0632\u064a\u0627\u0646\u0648<br>1227 Les Acacias (GE)<br>\u0627\u0644\u0633\u062c\u0644 \u0627\u0644\u062a\u062c\u0627\u0631\u064a \u0644\u0643\u0627\u0646\u062a\u0648\u0646 \u062c\u0646\u064a\u0641: CH-660.0.059.996-1<br>\u0631\u0642\u0645 IDE: CHE-103.167.648<br>\u0631\u0642\u0645 \u0636\u0631\u064a\u0628\u0629 \u0627\u0644\u0642\u064a\u0645\u0629 \u0627\u0644\u0645\u0636\u0627\u0641\u0629: CHE-103.167.648<\/p>\n<p><b>\u0644\u0648\u0627\u0626\u062d \u062d\u0645\u0627\u064a\u0629 \u0627\u0644\u0628\u064a\u0627\u0646\u0627\u062a \u0627\u0644\u0639\u0627\u0645\u0629 (GDPR)\u060c \u0648\u062d\u0645\u0627\u064a\u0629 \u0627\u0644\u0628\u064a\u0627\u0646\u0627\u062a\u060c \u0648\u0627\u0633\u062a\u062e\u062f\u0627\u0645 \u0645\u0644\u0641\u0627\u062a \u062a\u0639\u0631\u064a\u0641 \u0627\u0644\u0627\u0631\u062a\u0628\u0627\u0637:<\/b><\/p>\n<p>\u062a\u0645\u0627\u0634\u064a\u0627\u064b \u0645\u0639 \u0645\u062a\u0637\u0644\u0628\u0627\u062a \u0627\u0644\u0644\u0627\u0626\u062d\u0629 \u0627\u0644\u0639\u0627\u0645\u0629 \u0644\u062d\u0645\u0627\u064a\u0629 \u0627\u0644\u0628\u064a\u0627\u0646\u0627\u062a (GDPR)\u060c \u0646\u0644\u062a\u0632\u0645 \u0628\u0627\u0644\u0634\u0641\u0627\u0641\u064a\u0629 \u0648\u062d\u0645\u0627\u064a\u0629 \u0628\u064a\u0627\u0646\u0627\u062a\u0643 \u0627\u0644\u0634\u062e\u0635\u064a\u0629. \u0644\u0641\u0647\u0645\u064d \u0648\u0627\u0636\u062d \u0644\u0643\u064a\u0641\u064a\u0629 \u062c\u0645\u0639\u0646\u0627 \u0644\u0628\u064a\u0627\u0646\u0627\u062a\u0643 \u0648\u0627\u0633\u062a\u062e\u062f\u0627\u0645\u0647\u0627 \u0648\u062d\u0645\u0627\u064a\u062a\u0647\u0627\u060c \u0628\u0627\u0644\u0625\u0636\u0627\u0641\u0629 \u0625\u0644\u0649 \u0627\u0633\u062a\u062e\u062f\u0627\u0645\u0646\u0627 \u0644\u0645\u0644\u0641\u0627\u062a \u062a\u0639\u0631\u064a\u0641 \u0627\u0644\u0627\u0631\u062a\u0628\u0627\u0637 \u0644\u062a\u062d\u0633\u064a\u0646 \u062a\u062c\u0631\u0628\u062a\u0643 \u0639\u0644\u0649 \u0645\u0648\u0642\u0639\u0646\u0627 \u0627\u0644\u0625\u0644\u0643\u062a\u0631\u0648\u0646\u064a\u060c \u064a\u064f\u0631\u062c\u0649 \u0645\u0631\u0627\u062c\u0639\u0629 \u0633\u064a\u0627\u0633\u0629 \u0645\u0644\u0641\u0627\u062a \u062a\u0639\u0631\u064a\u0641 \u0627\u0644\u0627\u0631\u062a\u0628\u0627\u0637 \u0627\u0644\u062e\u0627\u0635\u0629 \u0628\u0646\u0627. <a href=\"#gdpr_cookie_modal\"><u>\u0645\u0631\u0643\u0632 \u0645\u0639\u0644\u0648\u0645\u0627\u062a \u0627\u0644\u0644\u0627\u0626\u062d\u0629 \u0627\u0644\u0639\u0627\u0645\u0629 \u0644\u062d\u0645\u0627\u064a\u0629 \u0627\u0644\u0628\u064a\u0627\u0646\u0627\u062a \u0648\u0645\u0644\u0641\u0627\u062a \u062a\u0639\u0631\u064a\u0641 \u0627\u0644\u0627\u0631\u062a\u0628\u0627\u0637<\/u><\/a>.<\/p>\n<p>\u0628\u0627\u0644\u0646\u0642\u0631 \u0639\u0644\u0649 \u0647\u0630\u0627 \u0627\u0644\u0631\u0627\u0628\u0637\u060c \u0633\u062a\u062a\u0645\u0643\u0646 \u0645\u0646 \u0627\u0644\u0648\u0635\u0648\u0644 \u0625\u0644\u0649 \u0628\u064a\u0627\u0646 \u0627\u0644\u062e\u0635\u0648\u0635\u064a\u0629 \u0648\u0633\u064a\u0627\u0633\u0629 \u0645\u0644\u0641\u0627\u062a \u062a\u0639\u0631\u064a\u0641 \u0627\u0644\u0627\u0631\u062a\u0628\u0627\u0637 \u0627\u0644\u062e\u0627\u0635\u0629 \u0628\u0646\u0627 \u0648\u0627\u0644\u062a\u064a \u062a\u0648\u0636\u062d \u0628\u0627\u0644\u062a\u0641\u0635\u064a\u0644 \u0645\u0645\u0627\u0631\u0633\u0627\u062a\u0646\u0627 \u0641\u064a \u062d\u0645\u0627\u064a\u0629 \u0627\u0644\u0628\u064a\u0627\u0646\u0627\u062a \u0648\u0627\u0633\u062a\u062e\u062f\u0627\u0645 \u0645\u0644\u0641\u0627\u062a \u062a\u0639\u0631\u064a\u0641 \u0627\u0644\u0627\u0631\u062a\u0628\u0627\u0637\u060c \u0628\u0627\u0644\u0625\u0636\u0627\u0641\u0629 \u0625\u0644\u0649 \u062d\u0642\u0648\u0642\u0643 \u0648\u062e\u064a\u0627\u0631\u0627\u062a\u0643 \u0641\u064a\u0645\u0627 \u064a\u062a\u0639\u0644\u0642 \u0628\u0647\u0630\u0647 \u0627\u0644\u0645\u0639\u0644\u0648\u0645\u0627\u062a.<\/p>\n<p><b>\u0627\u0644\u0645\u0644\u0643\u064a\u0629 \u0627\u0644\u0641\u0643\u0631\u064a\u0629<\/b><\/p>\n<p>\u062c\u0645\u064a\u0639 \u0627\u0644\u0645\u062d\u062a\u0648\u064a\u0627\u062a \u0627\u0644\u0645\u0648\u062c\u0648\u062f\u0629 \u0639\u0644\u0649 \u0647\u0630\u0627 \u0627\u0644\u0645\u0648\u0642\u0639\u060c \u0628\u0645\u0627 \u0641\u064a \u0630\u0644\u0643 \u0639\u0644\u0649 \u0633\u0628\u064a\u0644 \u0627\u0644\u0645\u062b\u0627\u0644 \u0644\u0627 \u0627\u0644\u062d\u0635\u0631\u060c \u0627\u0644\u0631\u0633\u0648\u0645\u0627\u062a \u0648\u0627\u0644\u0635\u0648\u0631 \u0648\u0627\u0644\u0646\u0635\u0648\u0635 \u0648\u0645\u0642\u0627\u0637\u0639 \u0627\u0644\u0641\u064a\u062f\u064a\u0648 \u0648\u0627\u0644\u0631\u0633\u0648\u0645 \u0627\u0644\u0645\u062a\u062d\u0631\u0643\u0629 \u0648\u0627\u0644\u0623\u0635\u0648\u0627\u062a \u0648\u0627\u0644\u0634\u0639\u0627\u0631\u0627\u062a \u0648\u0627\u0644\u0635\u0648\u0631 \u0627\u0644\u0645\u062a\u062d\u0631\u0643\u0629 \u0648\u0627\u0644\u0623\u064a\u0642\u0648\u0646\u0627\u062a \u0628\u0627\u0644\u0625\u0636\u0627\u0641\u0629 \u0625\u0644\u0649 \u062a\u0646\u0633\u064a\u0642\u0647\u0627\u060c \u0647\u064a \u0645\u0644\u0643\u064a\u0629 \u062d\u0635\u0631\u064a\u0629 \u0644\u0634\u0631\u0643\u0629 WEBAUDIT FRANCE SARL \u0628\u0627\u0633\u062a\u062b\u0646\u0627\u0621 \u0627\u0644\u0639\u0644\u0627\u0645\u0627\u062a \u0627\u0644\u062a\u062c\u0627\u0631\u064a\u0629 \u0623\u0648 \u0627\u0644\u0634\u0639\u0627\u0631\u0627\u062a \u0623\u0648 \u0627\u0644\u0645\u062d\u062a\u0648\u064a\u0627\u062a \u0627\u0644\u062a\u064a \u062a\u062e\u0635 \u0634\u0631\u0643\u0627\u062a \u0623\u0648 \u0645\u0624\u0644\u0641\u064a\u0646 \u0634\u0631\u0643\u0627\u0621 \u0622\u062e\u0631\u064a\u0646.<br>\u064a\u064f\u062d\u0638\u0631 \u0645\u0646\u0639\u064b\u0627 \u0628\u0627\u062a\u064b\u0627 \u0623\u064a \u0646\u0633\u062e \u0623\u0648 \u062a\u0648\u0632\u064a\u0639 \u0623\u0648 \u062a\u0639\u062f\u064a\u0644 \u0623\u0648 \u0627\u0642\u062a\u0628\u0627\u0633 \u0623\u0648 \u0625\u0639\u0627\u062f\u0629 \u0625\u0631\u0633\u0627\u0644 \u0623\u0648 \u0646\u0634\u0631\u060c \u062d\u062a\u0649 \u062c\u0632\u0626\u064a\u060c \u0644\u0647\u0630\u0647 \u0627\u0644\u0639\u0646\u0627\u0635\u0631 \u062f\u0648\u0646 \u0627\u0644\u062d\u0635\u0648\u0644 \u0639\u0644\u0649 \u0645\u0648\u0627\u0641\u0642\u0629 \u062e\u0637\u064a\u0629 \u0635\u0631\u064a\u062d\u0629 \u0645\u0646 \u0634\u0631\u0643\u0629 WEBAUDIT FRANCE SARL. \u0648\u064a\u064f\u0639\u062f\u0651 \u0647\u0630\u0627 \u0627\u0644\u062a\u0645\u062b\u064a\u0644 \u0623\u0648 \u0627\u0644\u0646\u0633\u062e\u060c \u0628\u0623\u064a \u0648\u0633\u064a\u0644\u0629 \u0643\u0627\u0646\u062a\u060c \u0627\u0646\u062a\u0647\u0627\u0643\u064b\u0627 \u0644\u062d\u0642\u0648\u0642 \u0627\u0644\u062a\u0623\u0644\u064a\u0641 \u0648\u0627\u0644\u0646\u0634\u0631 \u064a\u064f\u0639\u0627\u0642\u0628 \u0639\u0644\u064a\u0647 \u0628\u0645\u0648\u062c\u0628 \u0627\u0644\u0645\u0648\u0627\u062f L.335-2 \u0648\u0645\u0627 \u064a\u0644\u064a\u0647\u0627 \u0645\u0646 \u0642\u0627\u0646\u0648\u0646 \u0627\u0644\u0645\u0644\u0643\u064a\u0629 \u0627\u0644\u0641\u0643\u0631\u064a\u0629 \u0627\u0644\u0641\u0631\u0646\u0633\u064a. \u0648\u064a\u064f\u0639\u062f\u0651 \u0639\u062f\u0645 \u0627\u0644\u0627\u0645\u062a\u062b\u0627\u0644 \u0644\u0647\u0630\u0627 \u0627\u0644\u062d\u0638\u0631 \u0627\u0646\u062a\u0647\u0627\u0643\u064b\u0627 \u0644\u062d\u0642\u0648\u0642 \u0627\u0644\u062a\u0623\u0644\u064a\u0641 \u0648\u0627\u0644\u0646\u0634\u0631\u060c \u0648\u0642\u062f \u064a\u064f\u0639\u0631\u0651\u0636 \u0627\u0644\u0645\u062e\u0627\u0644\u0641\u064a\u0646 \u0644\u0639\u0642\u0648\u0628\u0627\u062a \u0645\u062f\u0646\u064a\u0629 \u0648\u062c\u0646\u0627\u0626\u064a\u0629. \u0643\u0645\u0627 \u064a\u062d\u0642 \u0644\u0645\u0627\u0644\u0643\u064a \u0627\u0644\u0645\u062d\u062a\u0648\u0649 \u0627\u0644\u0645\u0646\u0633\u0648\u062e \u0627\u062a\u062e\u0627\u0630 \u0627\u0644\u0625\u062c\u0631\u0627\u0621\u0627\u062a \u0627\u0644\u0642\u0627\u0646\u0648\u0646\u064a\u0629 \u0627\u0644\u0644\u0627\u0632\u0645\u0629 \u0636\u062f\u0647\u0645.<\/p>\t\t\t\t\t\t\t\t<\/div>\n\t\t\t\t<\/div>\n\t\t\t\t\t<\/div>\n\t\t<\/div>\n\t\t\t\t\t<\/div>\n\t\t<\/section>\n\t\t\t\t<\/div>","protected":false},"excerpt":{"rendered":"<p>Mentions l\u00e9gales Le site cabvtcnice.fr est \u00e9dit\u00e9 par : WebAudit France6 avenue Jean Jaur\u00e8s, 73000 Chamb\u00e9rySARL au capital de 600\u20acRCS Chamb\u00e9ry 823 628 698contact(@)webaudit.fr Le site cabvtcnice.fr est \u00e9dit\u00e9 pour : Raison sociale\u202f: M.A.HNom commercial\u202f: Cab VTC Nice&nbsp;C\u00f4te-d\u2019AzurAdresse\u202f: 13 RUE DU DOCTEUR ARDOIN 06300 NICESIRET\u202f: 94282984700014Num\u00e9ro de TVA\u202f: NACapital social\u202f: 0\u20acT\u00e9l\u00e9phone\u202f\u00e0 afficher sur le site [&hellip;]<\/p>\n","protected":false},"author":2,"featured_media":0,"parent":0,"menu_order":0,"comment_status":"closed","ping_status":"closed","template":"","meta":{"footnotes":""},"class_list":["post-6","page","type-page","status-publish","hentry"],"yoast_head":"<!-- This site is optimized with the Yoast SEO plugin v27.2 - https:\/\/yoast.com\/product\/yoast-seo-wordpress\/ -->\n<title>Mentions L\u00e9gales - Cab VTC Nice C\u00f4te-d\u2019Azur<\/title>\n<meta name=\"robots\" content=\"index, follow, max-snippet:-1, max-image-preview:large, max-video-preview:-1\" \/>\n<link rel=\"canonical\" href=\"https:\/\/cabvtcnice.fr\/ar\/\u0627\u0644\u0625\u0634\u0639\u0627\u0631\u0627\u062a-\u0627\u0644\u0642\u0627\u0646\u0648\u0646\u064a\u0629\/\" \/>\n<meta property=\"og:locale\" content=\"ar_AR\" \/>\n<meta property=\"og:type\" content=\"article\" \/>\n<meta property=\"og:title\" content=\"Mentions L\u00e9gales - Cab VTC Nice C\u00f4te-d\u2019Azur\" \/>\n<meta property=\"og:description\" content=\"Mentions l\u00e9gales Le site cabvtcnice.fr est \u00e9dit\u00e9 par : WebAudit France6 avenue Jean Jaur\u00e8s, 73000 Chamb\u00e9rySARL au capital de 600\u20acRCS Chamb\u00e9ry 823 628 698contact(@)webaudit.fr Le site cabvtcnice.fr est \u00e9dit\u00e9 pour : Raison sociale\u202f: M.A.HNom commercial\u202f: Cab VTC Nice&nbsp;C\u00f4te-d\u2019AzurAdresse\u202f: 13 RUE DU DOCTEUR ARDOIN 06300 NICESIRET\u202f: 94282984700014Num\u00e9ro de TVA\u202f: NACapital social\u202f: 0\u20acT\u00e9l\u00e9phone\u202f\u00e0 afficher sur le site [&hellip;]\" \/>\n<meta property=\"og:url\" content=\"https:\/\/cabvtcnice.fr\/ar\/\u0627\u0644\u0625\u0634\u0639\u0627\u0631\u0627\u062a-\u0627\u0644\u0642\u0627\u0646\u0648\u0646\u064a\u0629\/\" \/>\n<meta property=\"og:site_name\" content=\"Cab VTC Nice C\u00f4te-d\u2019Azur\" \/>\n<meta property=\"article:modified_time\" content=\"2026-01-12T10:09:56+00:00\" \/>\n<meta name=\"twitter:card\" content=\"summary_large_image\" \/>\n<meta name=\"twitter:label1\" content=\"\u0648\u0642\u062a \u0627\u0644\u0642\u0631\u0627\u0621\u0629 \u0627\u0644\u0645\u064f\u0642\u062f\u0651\u0631\" \/>\n\t<meta name=\"twitter:data1\" content=\"3 \u062f\u0642\u0627\u0626\u0642\" \/>\n<script type=\"application\/ld+json\" class=\"yoast-schema-graph\">{\"@context\":\"https:\/\/schema.org\",\"@graph\":[{\"@type\":\"WebPage\",\"@id\":\"https:\/\/cabvtcnice.fr\/mentions-legales\/\",\"url\":\"https:\/\/cabvtcnice.fr\/mentions-legales\/\",\"name\":\"Mentions L\u00e9gales - Cab VTC Nice C\u00f4te-d\u2019Azur\",\"isPartOf\":{\"@id\":\"https:\/\/cabvtcnice.fr\/#website\"},\"datePublished\":\"2019-03-04T13:21:05+00:00\",\"dateModified\":\"2026-01-12T10:09:56+00:00\",\"breadcrumb\":{\"@id\":\"https:\/\/cabvtcnice.fr\/mentions-legales\/#breadcrumb\"},\"inLanguage\":\"ar\",\"potentialAction\":[{\"@type\":\"ReadAction\",\"target\":[\"https:\/\/cabvtcnice.fr\/mentions-legales\/\"]}]},{\"@type\":\"BreadcrumbList\",\"@id\":\"https:\/\/cabvtcnice.fr\/mentions-legales\/#breadcrumb\",\"itemListElement\":[{\"@type\":\"ListItem\",\"position\":1,\"name\":\"Accueil\",\"item\":\"https:\/\/cabvtcnice.fr\/\"},{\"@type\":\"ListItem\",\"position\":2,\"name\":\"Mentions L\u00e9gales\"}]},{\"@type\":\"WebSite\",\"@id\":\"https:\/\/cabvtcnice.fr\/#website\",\"url\":\"https:\/\/cabvtcnice.fr\/\",\"name\":\"Cab VTC Nice\",\"description\":\"R\u00e9server VTC Nice - 1 \u00e0 7 passagers - Dispo 24h7j\",\"publisher\":{\"@id\":\"https:\/\/cabvtcnice.fr\/#organization\"},\"potentialAction\":[{\"@type\":\"SearchAction\",\"target\":{\"@type\":\"EntryPoint\",\"urlTemplate\":\"https:\/\/cabvtcnice.fr\/?s={search_term_string}\"},\"query-input\":{\"@type\":\"PropertyValueSpecification\",\"valueRequired\":true,\"valueName\":\"search_term_string\"}}],\"inLanguage\":\"ar\"},{\"@type\":\"Organization\",\"@id\":\"https:\/\/cabvtcnice.fr\/#organization\",\"name\":\"Cab VTC Nice\",\"url\":\"https:\/\/cabvtcnice.fr\/\",\"logo\":{\"@type\":\"ImageObject\",\"inLanguage\":\"ar\",\"@id\":\"https:\/\/cabvtcnice.fr\/#\/schema\/logo\/image\/\",\"url\":\"https:\/\/cabvtcnice.fr\/wp-content\/uploads\/2026\/01\/cropped-logo-Cab-VTC-Nice-Cote-dazur.webp\",\"contentUrl\":\"https:\/\/cabvtcnice.fr\/wp-content\/uploads\/2026\/01\/cropped-logo-Cab-VTC-Nice-Cote-dazur.webp\",\"width\":500,\"height\":143,\"caption\":\"Cab VTC Nice\"},\"image\":{\"@id\":\"https:\/\/cabvtcnice.fr\/#\/schema\/logo\/image\/\"}}]}<\/script>\n<!-- \/ Yoast SEO plugin. -->","yoast_head_json":{"title":"\u0625\u0634\u0639\u0627\u0631 \u0642\u0627\u0646\u0648\u0646\u064a - \u0633\u064a\u0627\u0631\u0629 \u0623\u062c\u0631\u0629 \u062e\u0627\u0635\u0629 (PHV) \u0646\u064a\u0633\u060c \u0627\u0644\u0631\u064a\u0641\u064a\u064a\u0631\u0627 \u0627\u0644\u0641\u0631\u0646\u0633\u064a\u0629","robots":{"index":"index","follow":"follow","max-snippet":"max-snippet:-1","max-image-preview":"max-image-preview:large","max-video-preview":"max-video-preview:-1"},"canonical":"https:\/\/cabvtcnice.fr\/ar\/\u0627\u0644\u0625\u0634\u0639\u0627\u0631\u0627\u062a-\u0627\u0644\u0642\u0627\u0646\u0648\u0646\u064a\u0629\/","og_locale":"ar_AR","og_type":"article","og_title":"Mentions L\u00e9gales - Cab VTC Nice C\u00f4te-d\u2019Azur","og_description":"Mentions l\u00e9gales Le site cabvtcnice.fr est \u00e9dit\u00e9 par : WebAudit France6 avenue Jean Jaur\u00e8s, 73000 Chamb\u00e9rySARL au capital de 600\u20acRCS Chamb\u00e9ry 823 628 698contact(@)webaudit.fr Le site cabvtcnice.fr est \u00e9dit\u00e9 pour : Raison sociale\u202f: M.A.HNom commercial\u202f: Cab VTC Nice&nbsp;C\u00f4te-d\u2019AzurAdresse\u202f: 13 RUE DU DOCTEUR ARDOIN 06300 NICESIRET\u202f: 94282984700014Num\u00e9ro de TVA\u202f: NACapital social\u202f: 0\u20acT\u00e9l\u00e9phone\u202f\u00e0 afficher sur le site [&hellip;]","og_url":"https:\/\/cabvtcnice.fr\/ar\/\u0627\u0644\u0625\u0634\u0639\u0627\u0631\u0627\u062a-\u0627\u0644\u0642\u0627\u0646\u0648\u0646\u064a\u0629\/","og_site_name":"Cab VTC Nice C\u00f4te-d\u2019Azur","article_modified_time":"2026-01-12T10:09:56+00:00","twitter_card":"summary_large_image","twitter_misc":{"\u0648\u0642\u062a \u0627\u0644\u0642\u0631\u0627\u0621\u0629 \u0627\u0644\u0645\u064f\u0642\u062f\u0651\u0631":"3 \u062f\u0642\u0627\u0626\u0642"},"schema":{"@context":"https:\/\/schema.org","@graph":[{"@type":"WebPage","@id":"https:\/\/cabvtcnice.fr\/mentions-legales\/","url":"https:\/\/cabvtcnice.fr\/mentions-legales\/","name":"\u0625\u0634\u0639\u0627\u0631 \u0642\u0627\u0646\u0648\u0646\u064a - \u0633\u064a\u0627\u0631\u0629 \u0623\u062c\u0631\u0629 \u062e\u0627\u0635\u0629 (PHV) \u0646\u064a\u0633\u060c \u0627\u0644\u0631\u064a\u0641\u064a\u064a\u0631\u0627 \u0627\u0644\u0641\u0631\u0646\u0633\u064a\u0629","isPartOf":{"@id":"https:\/\/cabvtcnice.fr\/#website"},"datePublished":"2019-03-04T13:21:05+00:00","dateModified":"2026-01-12T10:09:56+00:00","breadcrumb":{"@id":"https:\/\/cabvtcnice.fr\/mentions-legales\/#breadcrumb"},"inLanguage":"ar","potentialAction":[{"@type":"ReadAction","target":["https:\/\/cabvtcnice.fr\/mentions-legales\/"]}]},{"@type":"BreadcrumbList","@id":"https:\/\/cabvtcnice.fr\/mentions-legales\/#breadcrumb","itemListElement":[{"@type":"ListItem","position":1,"name":"Accueil","item":"https:\/\/cabvtcnice.fr\/"},{"@type":"ListItem","position":2,"name":"Mentions L\u00e9gales"}]},{"@type":"WebSite","@id":"https:\/\/cabvtcnice.fr\/#website","url":"https:\/\/cabvtcnice.fr\/","name":"\u0633\u064a\u0627\u0631\u0629 \u0623\u062c\u0631\u0629 VTC \u0644\u0637\u064a\u0641\u0629","description":"\u0627\u062d\u062c\u0632 \u062e\u062f\u0645\u0629 \u0633\u064a\u0627\u0631\u0629 \u062e\u0627\u0635\u0629 \u0641\u064a \u0646\u064a\u0633 - \u0645\u0646 1 \u0625\u0644\u0649 7 \u0631\u0643\u0627\u0628 - \u0645\u062a\u0648\u0641\u0631\u0629 \u0639\u0644\u0649 \u0645\u062f\u0627\u0631 \u0627\u0644\u0633\u0627\u0639\u0629","publisher":{"@id":"https:\/\/cabvtcnice.fr\/#organization"},"potentialAction":[{"@type":"SearchAction","target":{"@type":"EntryPoint","urlTemplate":"https:\/\/cabvtcnice.fr\/?s={search_term_string}"},"query-input":{"@type":"PropertyValueSpecification","valueRequired":true,"valueName":"search_term_string"}}],"inLanguage":"ar"},{"@type":"Organization","@id":"https:\/\/cabvtcnice.fr\/#organization","name":"\u0633\u064a\u0627\u0631\u0629 \u0623\u062c\u0631\u0629 VTC \u0644\u0637\u064a\u0641\u0629","url":"https:\/\/cabvtcnice.fr\/","logo":{"@type":"ImageObject","inLanguage":"ar","@id":"https:\/\/cabvtcnice.fr\/#\/schema\/logo\/image\/","url":"https:\/\/cabvtcnice.fr\/wp-content\/uploads\/2026\/01\/cropped-logo-Cab-VTC-Nice-Cote-dazur.webp","contentUrl":"https:\/\/cabvtcnice.fr\/wp-content\/uploads\/2026\/01\/cropped-logo-Cab-VTC-Nice-Cote-dazur.webp","width":500,"height":143,"caption":"Cab VTC Nice"},"image":{"@id":"https:\/\/cabvtcnice.fr\/#\/schema\/logo\/image\/"}}]}},"_links":{"self":[{"href":"https:\/\/cabvtcnice.fr\/ar\/wp-json\/wp\/v2\/pages\/6","targetHints":{"allow":["GET"]}}],"collection":[{"href":"https:\/\/cabvtcnice.fr\/ar\/wp-json\/wp\/v2\/pages"}],"about":[{"href":"https:\/\/cabvtcnice.fr\/ar\/wp-json\/wp\/v2\/types\/page"}],"author":[{"embeddable":true,"href":"https:\/\/cabvtcnice.fr\/ar\/wp-json\/wp\/v2\/users\/2"}],"replies":[{"embeddable":true,"href":"https:\/\/cabvtcnice.fr\/ar\/wp-json\/wp\/v2\/comments?post=6"}],"version-history":[{"count":15,"href":"https:\/\/cabvtcnice.fr\/ar\/wp-json\/wp\/v2\/pages\/6\/revisions"}],"predecessor-version":[{"id":1920,"href":"https:\/\/cabvtcnice.fr\/ar\/wp-json\/wp\/v2\/pages\/6\/revisions\/1920"}],"wp:attachment":[{"href":"https:\/\/cabvtcnice.fr\/ar\/wp-json\/wp\/v2\/media?parent=6"}],"curies":[{"name":"wp","href":"https:\/\/api.w.org\/{rel}","templated":true}]}}